{"id":7,"date":"2023-08-13T15:51:28","date_gmt":"2023-08-13T13:51:28","guid":{"rendered":"https:\/\/centarmarjanovac.com\/?page_id=7"},"modified":"2025-10-22T16:41:53","modified_gmt":"2025-10-22T14:41:53","slug":"centar-marjanovac","status":"publish","type":"page","link":"https:\/\/centarmarjanovac.com\/","title":{"rendered":"Tko Smo"},"content":{"rendered":"<div class=\"wp-block-ub-expand ub-expand\" id=\"ub-expand-c547e311-e623-46bb-b446-c76c61b5a3bd\" data-scroll-type=\"false\" data-scroll-amount=\"\" data-scroll-target=\"\">\n<div class=\"ub-expand-portion ub-expand-partial wp-block-ub-expand-portion\" id=\"ub-expand-partial-bef36d18-2159-4d8f-80e3-70cdb8b14534\" aria-hidden=\"false\">\n\t\t\t\n\n<p>Centar\u00a0MARJANOVAC\u00a0je mje\u0161ovita terapijska zajednica koja pru\u017ea pomo\u0107 osobama s pote\u0161ko\u0107ama ovisnosti i djeluje\u00a0ve\u0107\u00a0od 2000.\u00a0godine.\u00a0Udruga je neprofitabilna, nevladina i nekonfesionalna.<\/p>\n\n\n\n<p>Profilirao se\u00a0u\u00a0terapijsko &#8211;\u00a0odgojnu\u00a0zajednicu koja od 2003. radi po Programu\u00a0PROJEKT \u010cOVJEK\u00a0Talijanskog Centra solidarnosti don Mario Picchi (CeIS) iz Rima. Sna\u017eno i progresivno razlu\u010dio je svoj vlastiti na\u010din terapijsko &#8211;\u00a0odgojnog rada, koriste\u0107i oblike fleksibilnijeg i individualnijeg pristupa\u00a0korisnicima slu\u017ee\u0107i se interdisciplinarnim pristupom kroz timski rad operatera stru\u010dno osposobljenih za ovu djelatnost.<\/p>\n\n\n\n<p>Mogu\u0107i korisnici su one osobe (\u017eene ili mu\u0161karci) koje slobodno odlu\u010de suo\u010diti se s problemom ovisnosti, zbog \u010dega su do\u0161li u nesklad sa samima sobom, vlastitim emocijama, \u010dlanovima obitelji\u00a0ili\u00a0dru\u0161tvenom zajednicom.<\/p>\n\n\n\t\t\t<a id=\"ub-expand-toggle-partial-bef36d18-2159-4d8f-80e3-70cdb8b14534\" class=\"ub-expand-toggle-button\" style=\"text-align: left; \" role=\"button\" aria-expanded=\"false\" aria-controls=\"ub-expand-full-bef36d18-2159-4d8f-80e3-70cdb8b14534\" tabindex=\"0\">\n\t\t\t\tPro\u010ditaj vi\u0161e\n\t\t\t<\/a>\n\t\t<\/div>\n\n<div class=\"ub-expand-portion ub-expand-full ub-hide wp-block-ub-expand-portion\" id=\"ub-expand-full-bef36d18-2159-4d8f-80e3-70cdb8b14534\" aria-hidden=\"true\">\n\t\t\t\n\n<h3 class=\"wp-block-heading\" id=\"0-organizacijska-struktura\">Organizacijska struktura<\/h3>\n\n\n\n<figure class=\"wp-block-image size-full\"><img decoding=\"async\" width=\"448\" height=\"336\" src=\"https:\/\/centarmarjanovac.com\/wp-content\/uploads\/2023\/10\/image.jpeg\" alt=\"Ova slika ima prazan alt atribut ; naziv datoteke je CENTAR+ZA+ODVIKAVANJE+OD+OVISNOSTI+8.jpg\" class=\"wp-image-890\" srcset=\"https:\/\/centarmarjanovac.com\/wp-content\/uploads\/2023\/10\/image.jpeg 448w, https:\/\/centarmarjanovac.com\/wp-content\/uploads\/2023\/10\/image-300x225.jpeg 300w\" sizes=\"(max-width: 448px) 100vw, 448px\" \/><\/figure>\n\n\n\n<p>Razli\u010ditim oblicima direktnog rada sa korisnicima (kroz grupnu dinamiku i individualni rad) te uz radne aktivnosti poma\u017ee se osobama prona\u0107i put do njih samih kao i oko stjecanja\u00a0radnih navika kroz radne sektore\u00a0gdje\u00a0najvi\u0161e do izra\u017eaja dolazi sva sposobnost, kreativnost i odgovornost samih korisnika.\u00a0Poma\u017ee im se tako\u0111er\u00a0i u organiziranju\u00a0slobodnog vremena.\u00a0<\/p>\n\n\n\n<h3 class=\"wp-block-heading\" id=\"1-%C5%A1to-nudi-centar-marjanovac-ovisniku-koji-tra%C5%BEi-od-njega-pomo%C4%87\">\u0160to nudi Centar Marjanovac ovisniku koji tra\u017ei od njega pomo\u0107?<\/h3>\n\n\n\n<figure class=\"wp-block-image\"><img decoding=\"async\" src=\"https:\/\/images.squarespace-cdn.com\/content\/v1\/51af8c5de4b05858c6d5a030\/be2f47fc-52c8-46ca-8405-30d46a1431a0\/CENTAR+ZA+ODVIKAVANJE+OD+OVISNOSTI+19.jpg?format=750w\" alt=\"\"><\/figure>\n\n\n\n<p>Bu\u0111enje nade, da se osoba osjeti ista kao drugi, da bude prihva\u0107ena,\u00a0da mo\u017ee voljeti i biti voljena, da osjeti mr\u017enju, ljutnju, bol, strah, ljubav, da na\u0111e mir sama sa sobom, stekne iskustvo mogu\u0107nosti \u017eivljenja i rasta osobnosti\u00a0bez za\u0161tite\u00a0psihoaktivnih supstanci sa svime onim pred \u010dim je \u010ditav \u017eivot bje\u017eala.<\/p>\n\n\n\n<h3 class=\"wp-block-heading\" id=\"2-najosnovnije-informacije-vezane-uz-ostvarivanje-kontakta-i-ulaska-u-terapijsku-zajednicu-centar-marjanovac\">Najosnovnije informacije vezane uz ostvarivanje kontakta i ulaska u terapijsku zajednicu Centar Marjanovac<\/h3>\n\n\n\n<p>Adresa: Centar Marjanovac, Gradi\u0161ka Cesta 188, 78255 Aleksandrovac &#8211; BiH<\/p>\n\n\n\n<p>Tel.: <a href=\"tel:0038751580482\">00387 (0)51 580 482<\/a><\/p>\n\n\n\n<p>Tel.: <a href=\"tel:0038766231801\">00387 (0)66 231 801<\/a><\/p>\n\n\n\n<p>Email: <a href=\"mailto:centarmarjanovac@yahoo.com\">centarmarjanovac@yahoo.com<\/a><\/p>\n\n\n\n<p>KONTAKT OSOBE: Amata An\u0111eli\u0107 (Koordinatorica Centra Marjanovac) i Glorija Lu\u010di\u0107, (operater u I. Fazi)<\/p>\n\n\n\n<h6 class=\"wp-block-heading\" id=\"3-napomena-za-ulazak-u-terapijsku-zajednicu-\"><strong>NAPOMENA ZA ULAZAK U TERAPIJSKU ZAJEDNICU:<\/strong><\/h6>\n\n\n\n<p><em>ZA MOGU\u0106E KORISNIKE KOJI SU MOTIVIRANI ZA RJE\u0160AVANJE SVOG PROBLEMA U TZ \u201cCENTAR MARJANOVAC\u201d POTREBNO JE USPOSTAVITI OSOBNI KONTAKT SAMIH KORISNIKA I KAO I NJIHOVIH OBITELJI ILI PRAVNE INSTITUCUJE KOJA IH ZASTUPA SA DJELATNICIMA CENTRA RADNIM DANIMA U VREMENU\u00a0 OD 10:00-13:00 i 16:00-17:00<\/em>.<\/p>\n\n\n\n<p>Pripreme za ulazak se odvijaju putem kolokvija\/razgovora izravno u Centru ali zbog razloga velikih udaljenosti na\u0161ih korisnika, ako nije mogu\u0107e druga\u010dije razgovori se odvijaju telefonski\u00a0 prema u dogovoru sa stru\u010dnim osobljem CENTRA MARJANOVAC.<\/p>\n\n\n\n<p><strong><em>PREDULAZNI KOLOKVIJI SE REDOVITO OBAVLJA U CENTRU PO DOGOVORU SA STRU\u010cNIM OSOBLJEM. SLU\u017dI KONA\u010cNOM\u00a0 SAGLEDAVANJU MEDICINSKE DOKUMENTACIJE I PRIKUPLJANJU SVIH RELEVANTNIH PODATAKA O KORISNIKU NAKON \u0106EGA SLIJEDI DOGOVOR OKO SAMOG ULASKA.\u00a0<\/em><\/strong><\/p>\n\n\n\n<div><br><\/div>\n\n\n\n<h6 class=\"wp-block-heading\" id=\"4-potrebna-medicinska-dokumentacija-za-ulazak-ne-starija-od-6-mjeseci-\"><strong>POTREBNA MEDICINSKA DOKUMENTACIJA ZA ULAZAK \u00a0(NE STARIJA OD 6 MJESECI):<\/strong><\/h6>\n\n\n\n<figure class=\"wp-block-table is-style-regular\"><table><tbody><tr><td>Nalaz i mi\u0161ljenje psihijatra<\/td><td>TPHA-VDRL<\/td><td>Dermatovenerolog<\/td><\/tr><tr><td>Anti-HIV<\/td><td>Markeri HBV i HCV<\/td><td>RTG-plu\u0107a<\/td><\/tr><tr><td>Test trudno\u0107e za \u017eene<\/td><td>Hepatogram<\/td><td><\/td><\/tr><\/tbody><\/table><\/figure>\n\n\n\n<p><strong>NAPOMENA ZA DR\u017dAVLJANE BiH:<\/strong> uz med. dokumentaciju potreban je jedan va\u017ee\u0107i li\u010dni \/ osobni identifikacijski dokumenat sa slikom.<\/p>\n\n\n\n<p><strong><em>NAPOMENA ZA STRANE DR\u017dAVLJANE: uz medicinsku dokumentaciju potrebno je radi tra\u017eenja dozvole za boravak po osnovu lije\u010denja slijede\u0107a dokumentacija:<\/em><\/strong><\/p>\n\n\n\n<ul class=\"wp-block-list\">\n<li>PASO\u0160 \/ PUTOVNICA + DVIJE SLIKE<\/li>\n\n\n\n<li>POTVRDA OD SUDA da se ne vodi \/ vodi krivi\u010dni postupak i<\/li>\n\n\n\n<li>POTVRDA OD MUP-a o neka\u017enjavanju\/ka\u017enjavanju<\/li>\n\n\n\n<li>Polisa zdravstvenog osiguranja ili dokaz o prijavi kod Fonda zdravstva ili dokaz o upla\u0107enom putni\u010dkom zdravstvenom osiguranju<\/li>\n<\/ul>\n\n\n\t\t\t<a id=\"ub-expand-toggle-full-bef36d18-2159-4d8f-80e3-70cdb8b14534\" class=\"ub-expand-toggle-button\" style=\"text-align: left; \" role=\"button\" aria-expanded=\"true\" aria-controls=\"ub-expand-full-bef36d18-2159-4d8f-80e3-70cdb8b14534\" tabindex=\"0\">\n\t\t\t\tPro\u010ditaj manje\n\t\t\t<\/a>\n\t\t<\/div>\n<\/div>","protected":false},"excerpt":{"rendered":"","protected":false},"author":1,"featured_media":0,"parent":0,"menu_order":0,"comment_status":"closed","ping_status":"closed","template":"","meta":{"_regular_price":[],"currency_symbol":[],"two_page_speed":[],"footnotes":""},"class_list":["post-7","page","type-page","status-publish","hentry"],"featured_image_src":null,"post_slider_layout_featured_media_urls":{"thumbnail":"","post_slider_layout_landscape_large":"","post_slider_layout_portrait_large":"","post_slider_layout_square_large":"","post_slider_layout_landscape":"","post_slider_layout_portrait":"","post_slider_layout_square":"","full":""},"acf":[],"_links":{"self":[{"href":"https:\/\/centarmarjanovac.com\/index.php\/wp-json\/wp\/v2\/pages\/7","targetHints":{"allow":["GET"]}}],"collection":[{"href":"https:\/\/centarmarjanovac.com\/index.php\/wp-json\/wp\/v2\/pages"}],"about":[{"href":"https:\/\/centarmarjanovac.com\/index.php\/wp-json\/wp\/v2\/types\/page"}],"author":[{"embeddable":true,"href":"https:\/\/centarmarjanovac.com\/index.php\/wp-json\/wp\/v2\/users\/1"}],"replies":[{"embeddable":true,"href":"https:\/\/centarmarjanovac.com\/index.php\/wp-json\/wp\/v2\/comments?post=7"}],"version-history":[{"count":86,"href":"https:\/\/centarmarjanovac.com\/index.php\/wp-json\/wp\/v2\/pages\/7\/revisions"}],"predecessor-version":[{"id":1229,"href":"https:\/\/centarmarjanovac.com\/index.php\/wp-json\/wp\/v2\/pages\/7\/revisions\/1229"}],"wp:attachment":[{"href":"https:\/\/centarmarjanovac.com\/index.php\/wp-json\/wp\/v2\/media?parent=7"}],"curies":[{"name":"wp","href":"https:\/\/api.w.org\/{rel}","templated":true}]}}