{"id":69,"date":"2023-10-15T21:09:29","date_gmt":"2023-10-15T19:09:29","guid":{"rendered":"https:\/\/centarmarjanovac.com\/index.php\/preventivni-program\/"},"modified":"2023-11-05T22:51:19","modified_gmt":"2023-11-05T21:51:19","slug":"preventivni-program","status":"publish","type":"page","link":"https:\/\/centarmarjanovac.com\/index.php\/preventivni-program\/","title":{"rendered":"Prevencija"},"content":{"rendered":"<div class=\"sqs-html-content\">\n<h3>\u0160TO MO\u017dE\u0160 U\u010cINITI\u00a0u ovom vremenu za konkretnu osobu, za ljep\u0161e i bolje sutra?<\/h3>\n<p>Online dokumenti:<\/p>\n<ul>\n<li><a href=\"https:\/\/centarmarjanovac.com\/wp-content\/uploads\/2023\/10\/Mali-vodic-za-roditelje.pptx\" target=\"_blank\" rel=\"noopener\">Mali vodi\u010d za roditelje<\/a><\/li>\n<li><a href=\"https:\/\/centarmarjanovac.com\/wp-content\/uploads\/2023\/10\/Prevencija.docx\" target=\"_blank\" rel=\"noopener\">Prevencija<\/a><\/li>\n<li><a href=\"https:\/\/centarmarjanovac.com\/wp-content\/uploads\/2023\/11\/MJESEC-BORBE-PROTIV-OVISNOSTI.pptx\" target=\"_blank\" rel=\"noopener\">Mjesec borbe protiv ovisnosti<\/a><\/li>\n<\/ul>\n<\/div>\n\n<div style=\"background-color: #f8f8f8; border-width: 2px; border-color: #ECECEC; \" class=\"ub_call_to_action wp-block-ub-call-to-action-block\" id=\"ub_call_to_action_16aa2fa4-f6c2-49e6-8e4c-4325600a4821\">\n\t\t\t<div class=\"ub_call_to_action_headline\">\n\t\t\t\t<p class=\"ub_call_to_action_headline_text\" style=\"font-size: 30px; text-align: center; \">Bro\u0161ura i mali vodi\u010d za roditelje <\/p>\n\t\t\t<\/div>\n\t\t\t<div class=\"ub_call_to_action_content\">\n\t\t\t\t<p class=\"ub_cta_content_text\" style=\"font-size: 15px; text-align: center; \">Download now<\/p>\n\t\t\t<\/div>\n\t\t\t<div class=\"ub_call_to_action_button\">\n\t\t\t\t<a href=\"https:\/\/centarmarjanovac.com\/wp-content\/uploads\/2023\/10\/Dokumenti-Centar-Marjanovac.zip\" target=\"_self\" rel=\"noopener noreferrer\" class=\"ub_cta_button\" style=\"background-color: #E27330; width: 250px; \">\n\t\t\t\t\t<p class=\"ub_cta_button_text\" style=\"font-size: 14px; \">Preuzmi dokumente<\/p>\n\t\t\t\t<\/a>\n\t\t\t<\/div>\n\t\t<\/div>","protected":false},"excerpt":{"rendered":"<p>\u0160TO MO\u017dE\u0160 U\u010cINITI\u00a0u ovom vremenu za konkretnu osobu, za ljep\u0161e i bolje sutra? Online dokumenti: Mali vodi\u010d za roditelje Prevencija Mjesec borbe protiv ovisnosti<\/p>\n","protected":false},"author":1,"featured_media":0,"parent":0,"menu_order":0,"comment_status":"closed","ping_status":"closed","template":"","meta":{"_regular_price":[],"currency_symbol":[],"two_page_speed":[],"footnotes":""},"class_list":["post-69","page","type-page","status-publish","hentry"],"featured_image_src":null,"post_slider_layout_featured_media_urls":{"thumbnail":"","post_slider_layout_landscape_large":"","post_slider_layout_portrait_large":"","post_slider_layout_square_large":"","post_slider_layout_landscape":"","post_slider_layout_portrait":"","post_slider_layout_square":"","full":""},"acf":[],"_links":{"self":[{"href":"https:\/\/centarmarjanovac.com\/index.php\/wp-json\/wp\/v2\/pages\/69","targetHints":{"allow":["GET"]}}],"collection":[{"href":"https:\/\/centarmarjanovac.com\/index.php\/wp-json\/wp\/v2\/pages"}],"about":[{"href":"https:\/\/centarmarjanovac.com\/index.php\/wp-json\/wp\/v2\/types\/page"}],"author":[{"embeddable":true,"href":"https:\/\/centarmarjanovac.com\/index.php\/wp-json\/wp\/v2\/users\/1"}],"replies":[{"embeddable":true,"href":"https:\/\/centarmarjanovac.com\/index.php\/wp-json\/wp\/v2\/comments?post=69"}],"version-history":[{"count":13,"href":"https:\/\/centarmarjanovac.com\/index.php\/wp-json\/wp\/v2\/pages\/69\/revisions"}],"predecessor-version":[{"id":1117,"href":"https:\/\/centarmarjanovac.com\/index.php\/wp-json\/wp\/v2\/pages\/69\/revisions\/1117"}],"wp:attachment":[{"href":"https:\/\/centarmarjanovac.com\/index.php\/wp-json\/wp\/v2\/media?parent=69"}],"curies":[{"name":"wp","href":"https:\/\/api.w.org\/{rel}","templated":true}]}}