{"id":68,"date":"2023-10-15T21:09:29","date_gmt":"2023-10-15T19:09:29","guid":{"rendered":"https:\/\/centarmarjanovac.com\/index.php\/program-covjek-u-centru-marjanovac\/"},"modified":"2023-10-16T15:45:14","modified_gmt":"2023-10-16T13:45:14","slug":"program-covjek-u-centru-marjanovac","status":"publish","type":"page","link":"https:\/\/centarmarjanovac.com\/index.php\/program-covjek-u-centru-marjanovac\/","title":{"rendered":"Program Projekt \u010covjek"},"content":{"rendered":"<div class=\"sqs-html-content\">\n<h3>\u0160to zna\u010di raditi i rasti po programu Projekt \u010covjek<\/h3>\n<p>Terapijsko-odgojni pristup\u00a0programa nije borba protiv droge nego\u00a0borba za \u017eivot\u00a0koja se doga\u0111a kroz razli\u010dite momente:<\/p>\n<ul>\n<li>kroz prijem \u2013\u00a0znati da onaj tko kuca na vrata \u010dini to sa strahom, stidom, nesigurno\u0161\u0107u, niskom motivacijom<\/li>\n<li>kroz\u00a0slu\u0161anje \u2013\u00a0empatijski pristup, konstanta kroz cijeli terapijsko-edukativni hod<\/li>\n<li>kroz zajedni\u010dki rast\u00a0u TZ\u00a0\u2013 uz po\u0161tivanje rezidencijalnih\u00a0 karakteristika programa imati individualni\u00a0pristup svakom korisniku<\/li>\n<li>kroz\u00a0ponovno uklju\u010denje\u00a0\u2013 postupni\u00a0\u00a0povratak u obitelj, povratak u osje\u0107aje, prijateljstva, dru\u0161tvenom i radnom okru\u017eenju<\/li>\n<li>kroz rehabilitaciju \u2013 prihva\u0107anje novog stila \u017eivota, slobodno izabranog kroz terapijski hod, \u0161to uklju\u010duje odgovornosti, sposobnosti samoupravljanja vlastitim \u017eivotom i svim onim \u0161to ga \u010dini.<\/li>\n<\/ul>\n<p><span style=\"font-size: 11.0pt;\">Sam naziv <em>Projekt \u010covjek<\/em>, govori da je u sredi\u0161tu pozornosti ljudska osoba kao takova bez obzira na njezinu nacionalnu ili vjersku pripadnost. <em>Projekt \u010covjek<\/em> nastoji promicati rast svakog pojedinca svojstven njegovoj posebnosti. U korijenu je duboka vjera u svako ljudsko stvorenje, neovisno o njegovim kvalitetama, o kulturnoj ili socijalnoj pripadnosti.<\/span><\/p>\n<p><span style=\"font-size: 11.0pt;\">Mladi ljudi koji su pro\u0161li i prolaze kroz na\u0161 Centar dolaze iz svih dijelova Bosne i Hercegovine, ali i iz zemalja iz okru\u017eenja. \u00a0<\/span><\/p>\n<p><span style=\"font-size: 11.0pt;\">Cilj programa je pomo\u0107 osobama koje imaju problem ovisnosti da upoznaju same\u00a0sebe, otkriju razloge koji su ih naveli na zloupotrebu opojnih sredstava, u\u010de se odgovorno pona\u0161ati prema sebi i drugima, rje\u0161avati konflikte na konstruktivan na\u010din, stjecati radne navike, preuzimati odgovornost i pozitivno se postavljati prema \u017eivotu.<\/span><\/p>\n<h3>Projekt\u00a0\u010covjek\u00a0&#8211; Model terapijskog programa ili \u0161kola \u017eivota<\/h3>\n<p><em>Projekt \u010covjek<\/em>\u00a0<em>don Mario Picchi\u00a0<\/em>iz Rima je jedan\u00a0konkretan i opipljiv znak\u00a0<em>mogu\u0107e pobjede<\/em>\u00a0nad bezna\u0111em.<\/p>\n<p style=\"margin-left: 0in;\"><em>Projekt \u010covjek <\/em>je fleksibilan program koji se javlja\u00a0 sedamdestih godina u Italiji\u00a0 iz volonterstva ljudi zaljubljenih u marginaliziranog \u010dovjeka i nudi se\u00a0 svakoj osobi i njezinim\u00a0 problemima i njezinim specifi\u010dnostima, njezinoj osobnoj duhovnosti na njoj svojstven na\u010din. On u svojoj naravi nije ni politi\u010dki, ni ideolo\u0161ki ni konfesionalno obilje\u017een.<\/p>\n<\/div>\n","protected":false},"excerpt":{"rendered":"<p>\u0160to zna\u010di raditi i rasti po programu Projekt \u010covjek Terapijsko-odgojni pristup\u00a0programa nije borba protiv droge nego\u00a0borba za \u017eivot\u00a0koja se doga\u0111a kroz razli\u010dite momente: kroz prijem \u2013\u00a0znati da onaj tko kuca na vrata \u010dini to sa strahom, stidom, nesigurno\u0161\u0107u, niskom motivacijom kroz\u00a0slu\u0161anje \u2013\u00a0empatijski pristup, konstanta kroz cijeli terapijsko-edukativni hod kroz zajedni\u010dki rast\u00a0u TZ\u00a0\u2013 uz po\u0161tivanje rezidencijalnih\u00a0 karakteristika programa imati individualni\u00a0pristup svakom korisniku kroz\u00a0ponovno uklju\u010denje\u00a0\u2013 postupni\u00a0\u00a0povratak u obitelj, povratak u osje\u0107aje, prijateljstva, dru\u0161tvenom i radnom okru\u017eenju kroz rehabilitaciju \u2013 prihva\u0107anje novog stila \u017eivota, slobodno izabranog kroz terapijski hod, \u0161to uklju\u010duje odgovornosti, sposobnosti samoupravljanja vlastitim \u017eivotom i svim onim \u0161to ga \u010dini. Sam naziv Projekt \u010covjek, govori da je u sredi\u0161tu pozornosti ljudska osoba kao takova bez obzira na njezinu nacionalnu ili vjersku pripadnost. Projekt \u010covjek nastoji promicati rast svakog pojedinca svojstven njegovoj posebnosti. U korijenu je duboka vjera u svako ljudsko stvorenje, neovisno o njegovim kvalitetama, o kulturnoj ili socijalnoj pripadnosti. Mladi ljudi koji su pro\u0161li i prolaze kroz na\u0161 Centar dolaze iz svih dijelova Bosne i Hercegovine, ali i iz zemalja iz okru\u017eenja. \u00a0 Cilj programa je pomo\u0107 osobama koje imaju problem ovisnosti da upoznaju same\u00a0sebe, otkriju razloge koji su ih naveli na zloupotrebu opojnih sredstava, u\u010de se odgovorno pona\u0161ati prema sebi i drugima, rje\u0161avati konflikte na konstruktivan na\u010din, stjecati radne navike, preuzimati odgovornost i pozitivno se postavljati prema \u017eivotu. Projekt\u00a0\u010covjek\u00a0&#8211; Model terapijskog programa ili \u0161kola \u017eivota Projekt \u010covjek\u00a0don Mario Picchi\u00a0iz Rima je jedan\u00a0konkretan i opipljiv znak\u00a0mogu\u0107e pobjede\u00a0nad bezna\u0111em. Projekt \u010covjek je fleksibilan program koji se javlja\u00a0 sedamdestih godina u Italiji\u00a0 iz volonterstva ljudi zaljubljenih u marginaliziranog \u010dovjeka i nudi se\u00a0 svakoj osobi i njezinim\u00a0 problemima i njezinim specifi\u010dnostima, njezinoj osobnoj duhovnosti na njoj svojstven na\u010din. On u svojoj naravi nije ni politi\u010dki, ni ideolo\u0161ki ni konfesionalno obilje\u017een.<\/p>\n","protected":false},"author":1,"featured_media":0,"parent":0,"menu_order":0,"comment_status":"closed","ping_status":"closed","template":"","meta":{"_regular_price":[],"currency_symbol":[],"two_page_speed":[],"footnotes":""},"class_list":["post-68","page","type-page","status-publish","hentry"],"featured_image_src":null,"post_slider_layout_featured_media_urls":{"thumbnail":"","post_slider_layout_landscape_large":"","post_slider_layout_portrait_large":"","post_slider_layout_square_large":"","post_slider_layout_landscape":"","post_slider_layout_portrait":"","post_slider_layout_square":"","full":""},"acf":[],"_links":{"self":[{"href":"https:\/\/centarmarjanovac.com\/index.php\/wp-json\/wp\/v2\/pages\/68","targetHints":{"allow":["GET"]}}],"collection":[{"href":"https:\/\/centarmarjanovac.com\/index.php\/wp-json\/wp\/v2\/pages"}],"about":[{"href":"https:\/\/centarmarjanovac.com\/index.php\/wp-json\/wp\/v2\/types\/page"}],"author":[{"embeddable":true,"href":"https:\/\/centarmarjanovac.com\/index.php\/wp-json\/wp\/v2\/users\/1"}],"replies":[{"embeddable":true,"href":"https:\/\/centarmarjanovac.com\/index.php\/wp-json\/wp\/v2\/comments?post=68"}],"version-history":[{"count":3,"href":"https:\/\/centarmarjanovac.com\/index.php\/wp-json\/wp\/v2\/pages\/68\/revisions"}],"predecessor-version":[{"id":570,"href":"https:\/\/centarmarjanovac.com\/index.php\/wp-json\/wp\/v2\/pages\/68\/revisions\/570"}],"wp:attachment":[{"href":"https:\/\/centarmarjanovac.com\/index.php\/wp-json\/wp\/v2\/media?parent=68"}],"curies":[{"name":"wp","href":"https:\/\/api.w.org\/{rel}","templated":true}]}}