{"id":67,"date":"2023-10-15T21:09:29","date_gmt":"2023-10-15T19:09:29","guid":{"rendered":"https:\/\/centarmarjanovac.com\/index.php\/povijest\/"},"modified":"2023-11-05T23:03:28","modified_gmt":"2023-11-05T22:03:28","slug":"povijest","status":"publish","type":"page","link":"https:\/\/centarmarjanovac.com\/index.php\/povijest\/","title":{"rendered":"Povijest"},"content":{"rendered":"<div class=\"wp-block-ub-expand ub-expand\" id=\"ub-expand-d60e4253-3008-49f5-80da-ece172cb3683\" data-scroll-type=\"false\" data-scroll-amount=\"\" data-scroll-target=\"\">\n<div class=\"ub-expand-portion ub-expand-partial wp-block-ub-expand-portion\" id=\"ub-expand-partial-d60e4253-3008-49f5-80da-ece172cb3683\" aria-hidden=\"false\">\n\t\t\t\n\n<p>Iskustvo Marjanovca je sli\u010dno svakom \u010dovjeku:\u00a0sa odre\u0111enim ciljem se ra\u0111a, raste i dozrijeva svjestan\u00a0da je ovisnost kompleksan, slo\u017een fenomen i u stalnoj promjeni.\u00a0<\/p>\n\n\n\n<p>Samostan sestra Klanjateljica Krvi Kristove Marjanovac, postoji od 1885. godine. Za vrijeme posljednjeg rata u BiH sestre su ga morale prislino napustiti 1995. godine, a vra\u0107en je 1999. godine. Poduzete su radnje renoviranja vra\u0107enog objekta, stavile na raspolaganje ovisnicima. Zajednica je po\u010dela djelovati 2000. godine kada je pokrenuto otvaranje terapijske zajednice i traganje za adekvatnim programom rada. Opredjelile smo se za primjenu\u00a0metodologije i filozofije programa <em>Projekt \u010covjek<\/em>\u00a0Talijanskog Centra solidarnosti don Mario Picchi iz Rima i u\u0161li u potrebne promjene i prilagodbu razli\u010ditim stvarnostima i lokalnoj kulturi, formaciji za operatere.\u00a0<\/p>\n\n\n\n<p>Na ovaj na\u010din ra\u0111a se terapijska zajednica &#8211; Centar Marjanovac, koja daje jedan konkretan i profesionalan odgovor osobama\u00a0koje se obra\u0107aju Centru i tra\u017ee pomo\u0107.\u00a0<\/p>\n\n\n\n<p>Baviti se tretmanom fenomena ovisnosti, kao u Marjanovcu, zna\u010di preuzeti\u00a0trajni konfront sa stvarno\u0161\u0107u, \u010destim mijenjanjem dostupne supstance na tr\u017ei\u0161tu ali bez predrasuda i negacije etike i temeljnih \u017eivotnih vrijednosti, koje podr\u017eavaju na\u0161 posao, nude\u0107i samo jedan neizostavni uvjet: u sredi\u0161tu svakog djelovanja treba biti ljudska osoba, sa svojim dostojanstvom i pravom na po\u0161tivanje.<\/p>\n\n\n\t\t\t<a id=\"ub-expand-toggle-partial-d60e4253-3008-49f5-80da-ece172cb3683\" class=\"ub-expand-toggle-button\" style=\"text-align: left; \" role=\"button\" aria-expanded=\"false\" aria-controls=\"ub-expand-full-d60e4253-3008-49f5-80da-ece172cb3683\" tabindex=\"0\">\n\t\t\t\tPro\u010ditaj vi\u0161e\n\t\t\t<\/a>\n\t\t<\/div>\n\n<div class=\"ub-expand-portion ub-expand-full ub-hide wp-block-ub-expand-portion\" id=\"ub-expand-full-d60e4253-3008-49f5-80da-ece172cb3683\" aria-hidden=\"true\">\n\t\t\t\n\n<p><\/p>\n\n\n\n<h3 class=\"wp-block-heading\">Neki va\u017eniji datumi u povjesti <em>Marjanovca<\/em><\/h3>\n\n\n\n<p>1999. \u2013 2000. &#8211; renoviranje vra\u0107enog objekta i otvaranje terapijske zajednice i dolazak prvih korisnika<\/p>\n\n\n\n<p>25.03.2003. \u2013 slu\u017ebeni po\u010detak rada po programu <em>Projekt \u010covjek<\/em> Talijanskog centra solidarnosti (CeIS) iz Rima koji je vode\u0107i nositelj programa\u00a0<em>Projekt\u00a0\u010covjek<\/em><\/p>\n\n\n\n<p>2008. \u2013 razli\u010ditim aktivnostima obilje\u017eeno 5 godina djelovanja CentraMarjanovac po modelu Projekt \u010covjek Talijanskog Centra Solidarnosti\u00a0izme\u0111u kojih izdvajamo\u00a0po prvi puta obilje\u017eavanje\u00a0SVJETSKOG\u00a0DANA BORBE PROTIV OVISNOSTI\u00a0i izvan prostora Marjanovca sa postavljanjem informativnog\u00a0 \u0161tanda u Banja Luci uz pomo\u0107 volontera<\/p>\n\n\n\n<p>29.05.2010. &#8211;\u00a0Smrt Don Maria Picchi, utemeljitelja i predsjednika Talijanskog Centra Solidarnosti iz Rima<\/p>\n\n\n\n<p>08. i 09.10.2010. &#8211; 10 GODINA TERAPIJSKE ZAJEDNICE U ALEKSANDROVCU\u00a0&#8211; U organizaciji Centra Marjanovac iz Aleksandrovca i Filozofskog fakulteta u Banja Luci 08.09.2010. u prostorijama op\u0107ine Lakta\u0161i odr\u017ean je Stru\u010dni skup na temu: Dru\u0161tvo, mladi i droga. Ovom prilikom je ujedno predstavljeno i deset godina rada Terapijske zajednice Centar Marjanovac.\u00a0Informacije o obilje\u017eavanju ove\u00a0godi\u0161njice rada objavljene su na nekoliko web stranica,\u00a0tiskovnih agencija kao i na web stranicama op\u0107ine Lakta\u0161i. Slavlje uprili\u010deno u Centru Marjanovac 09.10.2010. okupilo je veliki broj prijatelja i dobro\u010dinitelja, sestra Klanjateljica, biv\u0161ih korisnika i njihovih roditelja.<\/p>\n\n\n\t\t\t<a id=\"ub-expand-toggle-full-d60e4253-3008-49f5-80da-ece172cb3683\" class=\"ub-expand-toggle-button\" style=\"text-align: left; \" role=\"button\" aria-expanded=\"true\" aria-controls=\"ub-expand-full-d60e4253-3008-49f5-80da-ece172cb3683\" tabindex=\"0\">\n\t\t\t\tPro\u010ditaj manje\n\t\t\t<\/a>\n\t\t<\/div>\n<\/div>\n\n\n<h3 class=\"wp-block-heading\"><\/h3>\n","protected":false},"excerpt":{"rendered":"","protected":false},"author":1,"featured_media":0,"parent":0,"menu_order":0,"comment_status":"closed","ping_status":"closed","template":"","meta":{"_regular_price":[],"currency_symbol":[],"two_page_speed":[],"footnotes":""},"class_list":["post-67","page","type-page","status-publish","hentry"],"featured_image_src":null,"post_slider_layout_featured_media_urls":{"thumbnail":"","post_slider_layout_landscape_large":"","post_slider_layout_portrait_large":"","post_slider_layout_square_large":"","post_slider_layout_landscape":"","post_slider_layout_portrait":"","post_slider_layout_square":"","full":""},"acf":[],"_links":{"self":[{"href":"https:\/\/centarmarjanovac.com\/index.php\/wp-json\/wp\/v2\/pages\/67","targetHints":{"allow":["GET"]}}],"collection":[{"href":"https:\/\/centarmarjanovac.com\/index.php\/wp-json\/wp\/v2\/pages"}],"about":[{"href":"https:\/\/centarmarjanovac.com\/index.php\/wp-json\/wp\/v2\/types\/page"}],"author":[{"embeddable":true,"href":"https:\/\/centarmarjanovac.com\/index.php\/wp-json\/wp\/v2\/users\/1"}],"replies":[{"embeddable":true,"href":"https:\/\/centarmarjanovac.com\/index.php\/wp-json\/wp\/v2\/comments?post=67"}],"version-history":[{"count":10,"href":"https:\/\/centarmarjanovac.com\/index.php\/wp-json\/wp\/v2\/pages\/67\/revisions"}],"predecessor-version":[{"id":1119,"href":"https:\/\/centarmarjanovac.com\/index.php\/wp-json\/wp\/v2\/pages\/67\/revisions\/1119"}],"wp:attachment":[{"href":"https:\/\/centarmarjanovac.com\/index.php\/wp-json\/wp\/v2\/media?parent=67"}],"curies":[{"name":"wp","href":"https:\/\/api.w.org\/{rel}","templated":true}]}}