{"id":66,"date":"2023-10-15T21:09:29","date_gmt":"2023-10-15T19:09:29","guid":{"rendered":"https:\/\/centarmarjanovac.com\/index.php\/dokumenti\/"},"modified":"2023-10-25T01:25:31","modified_gmt":"2023-10-24T23:25:31","slug":"dokumenti","status":"publish","type":"page","link":"https:\/\/centarmarjanovac.com\/index.php\/dokumenti\/","title":{"rendered":"Dokumenti"},"content":{"rendered":"<div class=\"wp-block-ub-expand ub-expand\" id=\"ub-expand-6f57a51e-11ff-45a7-a0e9-822150fbbaaa\" data-scroll-type=\"false\" data-scroll-amount=\"\" data-scroll-target=\"\">\n<div class=\"ub-expand-portion ub-expand-partial wp-block-ub-expand-portion\" id=\"ub-expand-partial-6f57a51e-11ff-45a7-a0e9-822150fbbaaa\" aria-hidden=\"false\">\n\t\t\t\n\n<h3 class=\"wp-block-heading\">Iz knjige dojmova korisnika Centra Marjanovac<\/h3>\n\n\n\n<p>Nije bitno koju boju voli\u0161, koju muziku slu\u0161a\u0161, kojojoj religiji pripada\u0161, da li si komunikativan\/na ili si\u00a0\u0107utljiv\/\u0107utljiva, da li voli\u0161 ljeto, prolje\u0107e, zimu ili jesen, da li si crn ili bijel!<\/p>\n\n\n\n<p>JEDNO JE BITNO: da zavoli\u0161 \u017eivot, da zavoli\u0161 sebe, da krene\u0161 kora\u010dati pravo jer \u017eivot je kratak. Mo\u017eda i ne uspije\u0161 poslu\u0161ati muziku do kraja jer \u0107e se pjesma prerano zavr\u0161iti&#8230;<\/p>\n\n\n\n<blockquote class=\"wp-block-quote is-layout-flow wp-block-quote-is-layout-flow\">\n<p>&#8220;Izlaz postoji! Prona\u0111i ga! Pokreni se i \u017eivi punim plu\u0107ima!&#8221;<\/p>\n<\/blockquote>\n\n\n\n<blockquote class=\"wp-block-quote is-layout-flow wp-block-quote-is-layout-flow\">\n<p>&#8220;Ja\u00a0do\u0111oh! Vidjeh! Pobjedih!&#8221; (M.K. &amp; A.B. 18.8.2013.)<\/p>\n\n\n\n<p>&#8220;Cijeli nam je \u017eivot bio crnjak, drama, tragedija&#8230;Zar nije dosta???&#8221;<\/p>\n\n\n\n<p><\/p>\n<\/blockquote>\n\n\n\n<h3 class=\"wp-block-heading\">Iz knjige dojmova posjetitelja<\/h3>\n\n\n\n<blockquote class=\"wp-block-quote is-layout-flow wp-block-quote-is-layout-flow\">\n<p><\/p>\n\n\n\n<p>SESTRA: &#8220;Dobila sam danas natrag jedinog brata, hvala vam za to, hvala \u0161to postojite, za svu humanost i \u010dovje\u010dnost koju osje\u0107am danas ovdje.&#8221;(Posjeta 20.03.2004.)<\/p>\n\n\n\n<p>UDRUGA ZA POMO\u0106 OBITELJI OVISNIKA ZAGREB: &#8220;Zajednica koja ima du\u0161u i gdje se radi sa srcem i ljubavlju. Hvala u ime svih roditelja Udruge za pomo\u0107 obitelji ovisnika Zagreb.&#8221; (predsjednica Udruge Barbara \u010cali\u0107 25.6.2011.)<\/p>\n\n\n\n<p>DIJETE: &#8220;Hvala vam mnogo \u0161to ste mi vratili mamu u \u017eivot.&#8221; (24.06.2010. M.K.P.)<\/p>\n<\/blockquote>\n\n\n\t\t\t<a id=\"ub-expand-toggle-partial-6f57a51e-11ff-45a7-a0e9-822150fbbaaa\" class=\"ub-expand-toggle-button\" style=\"text-align: left; \" role=\"button\" aria-expanded=\"false\" aria-controls=\"ub-expand-full-6f57a51e-11ff-45a7-a0e9-822150fbbaaa\" tabindex=\"0\">\n\t\t\t\tPro\u010ditaj vi\u0161e\n\t\t\t<\/a>\n\t\t<\/div>\n\n<div class=\"ub-expand-portion ub-expand-full ub-hide wp-block-ub-expand-portion\" id=\"ub-expand-full-6f57a51e-11ff-45a7-a0e9-822150fbbaaa\" aria-hidden=\"true\">\n\t\t\t\n\n<p>IZ KNJIGE DOJMOVA KORISNIKA<\/p>\n\n\n\n<blockquote class=\"wp-block-quote is-layout-flow wp-block-quote-is-layout-flow\">\n<p><\/p>\n\n\n\n<p>&#8220;Hajde da dignemo tamne paravane sa na\u0161ih o\u010diju i pustimo svijetlost u na\u0161 \u017eivot (ili mo\u017eda stavimo ru\u017ei\u010daste nao\u010dale i gledamo ru\u017ei\u010dasto). Stvarno mislim da je dosta crnjaka u \u017eivotu i stvarno mislim da je \u017dIVOT LIJEP &#8230; Da, da, \u017eivot je lijep i dajte da ga sebi u\u010dinimo jo\u0161 boljim, ljep\u0161im i jo\u0161 vrijednijim \u017eivljenja.&#8221;<\/p>\n<\/blockquote>\n\n\n\n<blockquote class=\"wp-block-quote is-layout-flow wp-block-quote-is-layout-flow\">\n<p>&#8220;Mo\u017eda nekada netko tko ovo bude \u010ditao dozvoli da ga dotakne i potakne a mo\u017eda i ne, ali bitno je da je \u017dIVOT LIJEP &#8230;\u00a0&#8221; (28.05.2013. E.D.)<\/p>\n<\/blockquote>\n\n\n\n<blockquote class=\"wp-block-quote is-layout-flow wp-block-quote-is-layout-flow\">\n<p>&#8220;Ljudi, hajde da napravimo \u010dudo od svog \u017eivota. Prilika je tu, pred na\u0161im o\u010dima, rukama &#8230;&#8221;\u00a0(5.3. 2013. N.P.)<\/p>\n<\/blockquote>\n\n\n\n<blockquote class=\"wp-block-quote is-layout-flow wp-block-quote-is-layout-flow\">\n<p>&#8220;Sa\u00a0\u0161esnaest mjeseci komune osje\u0107am se ponosno: dug period \u010disto\u0107e i osje\u0107aj zadovoljstva me pere. Dobro je kad ne moram brinuti da li \u0107u mo\u0107i sutra da ustanem iz kreveta. Marjanovac mi je mnogo dao i jako sam zahvalna na tome. Ponosna sam na sve nas.&#8221; (26.10.2012. R.T.)<\/p>\n<\/blockquote>\n\n\n\n<blockquote class=\"wp-block-quote is-layout-flow wp-block-quote-is-layout-flow\">\n<p>&#8220;Hvala vam \u0161to postojite i \u0161to ste tu zbog nas, \u0161to imate puno strpljenja i razumijavanja za nas. Vi ste ne\u0161to najljep\u0161e \u0161to nam se dogodilo u zadnjih par godina jer ste nam ulili dosta povjerenja i nade za bolji \u017eivot.&#8221; (13.06.2004. va\u0161i korisnici)<\/p>\n<\/blockquote>\n\n\n\n<blockquote class=\"wp-block-quote is-layout-flow wp-block-quote-is-layout-flow\">\n<p>&#8220;Ne znam\u00a0tko sam, ne znam \u0161to sam. Kao da sam malo dijete. Svaki dan je posve\u0107en meni, ako ja to \u017eelim. Svaki dan u\u010dim sve vi\u0161e i vi\u0161e. Dolazim k sebi. Hvala \u0161to ne odustajete od nas smrtnika. Kad ni sami ne vjerujemo u nas vjerujete vi! Vi nam ulijavate ljubav u \u017eivot. Otvarate nam put prema raju, a taj raj nije na nebu. On je tu, ovo \u0161to sada \u017eivimo, samo ga trebamo izgraditi kako \u017eelimo. Dosta je bilo pakla.&#8221; (D.R. 13.5.2007.)<\/p>\n<\/blockquote>\n\n\n\n<blockquote class=\"wp-block-quote is-layout-flow wp-block-quote-is-layout-flow\">\n<p>&#8220;Interesantno je da kad padne\u0161 i ponovno stane\u0161 i strese\u0161 pra\u0161inu sa sebe oseti\u0161 onaj stari dobri ponos, novo i ja\u010de samopouzdanje. Najvi\u0161e i najbitnije je da uo\u010di\u0161 i shvati\u0161 zbog \u010dega si pao. I kad sebe izdigne\u0161 na taj nivo da uo\u010dava\u0161 stvari \u2013 doga\u0111aje tada si na pravom putu da ne pravi\u0161 iste gre\u0161ke zbog kojih si ranije padao. Ali to je samo jedan korak ka pravome cilju. A ima ih mnogo i to je veoma duga\u010dak put. Da, duga\u010dak put a korak je mali. Ali korak po korak i cilj se bli\u017ei. A kad bude\u0161 na cilju i osvrne\u0161 se nazad iza sebe, sa osmehom na licu i spokojstvom koji ti pro\u017eima du\u0161u re\u0107i \u0107e\u0161 sebi: vredilo ga je pre\u0107i.&#8221; (1.4.2008. J.D.)<\/p>\n<\/blockquote>\n\n\n\n<blockquote class=\"wp-block-quote is-layout-flow wp-block-quote-is-layout-flow\">\n<p>&#8220;Marjanovac je uvijek u mojim mislima, ne gra\u0111evina ve\u0107 ono \u0161to sam nau\u010dio ovdje, \u0161to mi je vratilo osmijeh na lice i vjeru u \u017eivot! Bogu hvala na sestrama Klanjateljicama Krvi Kristove jer da nema njih ne bi bilo ni mene!&#8221; (26.6.2010. V.S)<\/p>\n<\/blockquote>\n\n\n\n<p>IZ KNJIGE DOJMOVA POSJETITELJA<\/p>\n\n\n\n<blockquote class=\"wp-block-quote is-layout-flow wp-block-quote-is-layout-flow\">\n<p>SESTRA: &#8220;Dobila sam danas natrag jedinog brata, hvala vam za to, hvala \u0161to postojite, za svu humanost i \u010dovje\u010dnost koju osje\u0107am danas ovdje.&#8221;(Posjeta 20.03.2004.)<\/p>\n<\/blockquote>\n\n\n\n<blockquote class=\"wp-block-quote is-layout-flow wp-block-quote-is-layout-flow\">\n<p>&#8220;Zahvaljujem se svem osoblju u zajednici Marjanovac. Promijenili su i uljep\u0161ali \u017eivot moga brata, a uz to i \u017eivot mojih roditelja i moj. Puno uspjeha u daljnjem radu i da na ovakav na\u010din pomognete mnogim porodicama. HVALA \u0160TO POSTOJITE.&#8221; (E. D. Posjeta 20.3.2004.)<\/p>\n<\/blockquote>\n\n\n\n<blockquote class=\"wp-block-quote is-layout-flow wp-block-quote-is-layout-flow\">\n<p>MAJKA: &#8220;Ovo je mesto koje je za moju k\u0107erku mnogo vi\u0161e od doma koji joj mi mo\u017eemo pru\u017eiti. Zato ste i moja \u2013 na\u0161a ku\u0107a i volela bih da tako i ostane. Puno hvala svima na anga\u017eovanju i najboljim namjerama. S velikim po\u0161tovanjem.&#8221; (S.D. Posjeta 20.03.2004.)<\/p>\n<\/blockquote>\n\n\n\n<blockquote class=\"wp-block-quote is-layout-flow wp-block-quote-is-layout-flow\">\n<p>PSIHIJATAR: &#8220;Ne mogu da se otmem utisku da sam otkrio jedno mesto na ovom \u201ena\u0161em Balkanu\u201c, koji je zapravo jedna OAZA NOVE NADE za one koji su u njoj ali i one koji kao ja dolaze i u\u017eivaju na kratko. \u017delim vam puno uspeha u va\u0161em radu!&#8221; (12.01.2005. dr Jadran Ta\u010di\u0107, psihijatar, Subotica)<\/p>\n<\/blockquote>\n\n\n\n<blockquote class=\"wp-block-quote is-layout-flow wp-block-quote-is-layout-flow\">\n<p>IZASLANSTVO OP\u0160TINE MODRI\u010cA I PU MODRI\u010cA: &#8220;Do\u0161li smo se pokloniti i zahvaliti za sve \u0161to ste u\u010dinili da zlo koje nas okru\u017euje i koje hara oko nas bar na ovom mjestu bude pobe\u0111eno. Veliko hvala i imate punu na\u0161u podr\u0161ku u svakom trenu i svakom pogledu.&#8221; (23.06.2007).<\/p>\n<\/blockquote>\n\n\n\n<blockquote class=\"wp-block-quote is-layout-flow wp-block-quote-is-layout-flow\">\n<p>DIJETE: &#8220;Hvala vam mnogo \u0161to ste mi vratili mamu u \u017eivot.&#8221; (24.06.2010. M.K.P.)<\/p>\n<\/blockquote>\n\n\n\n<blockquote class=\"wp-block-quote is-layout-flow wp-block-quote-is-layout-flow\">\n<p>OTAC: &#8220;Puno hvala radnom osoblju ovog Centra \u0161to mi izle\u010di\u0161e mog voljenog sina iz Sremske Mitrovice.&#8221; (26.06.2010. Z.P.)<\/p>\n<\/blockquote>\n\n\n\n<blockquote class=\"wp-block-quote is-layout-flow wp-block-quote-is-layout-flow\">\n<p>UDRUGA ZA POMO\u0106 OBITELJI OVISNIKA ZAGREB: &#8220;Zajednica koja ima du\u0161u i gdje se radi sa srcem i ljubavlju. Hvala u ime svih roditelja Udruge za pomo\u0107 obitelji ovisnika Zagreb.&#8221; (predsjednica Udruge Barbara \u010cali\u0107 25.6.2011.)<\/p>\n<\/blockquote>\n\n\n\n<blockquote class=\"wp-block-quote is-layout-flow wp-block-quote-is-layout-flow\">\n<p>JEDNA MAMA PRI ZAVR\u0160ETKU PROGRAMA SVOGA SINA: &#8220;Nekada smo polagali nadu u Marjanovac. Zatim smo stekli ogromno povjerenje,\u00a0a od sada \u0107ete nam ostati u ve\u010dnim mislima! Hvala vam.&#8221; (25.6.2011.)<\/p>\n<\/blockquote>\n\n\n\n<blockquote class=\"wp-block-quote is-layout-flow wp-block-quote-is-layout-flow\">\n<p>MAMA: &#8220;Ovo je jedinstveno mjesto u kojem se prona\u0111e sve \u0161to je izgubljeno usput u vremenu, obavezama, nedovoljnoj pa\u017enji, a koju smo trebali imati. Hvala svim operaterima i onima koji ovo mjesto \u010dine posebnim zbog ljubavi i nade koja se osje\u0107a u zraku i ljudima na ovom mjestu.&#8221; (23.6.2012. S.D.V)<\/p>\n<\/blockquote>\n\n\n\n<p>NE \u010cEKAJTE PO\u017dAR U VLASTITOM DVORI\u0160TU. GASITE RADIJE VATRU DOK JO\u0160 GORI OKO SUSJEDOVE KU\u0106E.<\/p>\n\n\n\t\t\t<a id=\"ub-expand-toggle-full-6f57a51e-11ff-45a7-a0e9-822150fbbaaa\" class=\"ub-expand-toggle-button\" style=\"text-align: left; \" role=\"button\" aria-expanded=\"true\" aria-controls=\"ub-expand-full-6f57a51e-11ff-45a7-a0e9-822150fbbaaa\" tabindex=\"0\">\n\t\t\t\tPro\u010ditaj manje\n\t\t\t<\/a>\n\t\t<\/div>\n<\/div>","protected":false},"excerpt":{"rendered":"","protected":false},"author":1,"featured_media":0,"parent":0,"menu_order":0,"comment_status":"closed","ping_status":"closed","template":"","meta":{"_regular_price":[],"currency_symbol":[],"two_page_speed":[],"footnotes":""},"class_list":["post-66","page","type-page","status-publish","hentry"],"featured_image_src":null,"post_slider_layout_featured_media_urls":{"thumbnail":"","post_slider_layout_landscape_large":"","post_slider_layout_portrait_large":"","post_slider_layout_square_large":"","post_slider_layout_landscape":"","post_slider_layout_portrait":"","post_slider_layout_square":"","full":""},"acf":[],"_links":{"self":[{"href":"https:\/\/centarmarjanovac.com\/index.php\/wp-json\/wp\/v2\/pages\/66","targetHints":{"allow":["GET"]}}],"collection":[{"href":"https:\/\/centarmarjanovac.com\/index.php\/wp-json\/wp\/v2\/pages"}],"about":[{"href":"https:\/\/centarmarjanovac.com\/index.php\/wp-json\/wp\/v2\/types\/page"}],"author":[{"embeddable":true,"href":"https:\/\/centarmarjanovac.com\/index.php\/wp-json\/wp\/v2\/users\/1"}],"replies":[{"embeddable":true,"href":"https:\/\/centarmarjanovac.com\/index.php\/wp-json\/wp\/v2\/comments?post=66"}],"version-history":[{"count":19,"href":"https:\/\/centarmarjanovac.com\/index.php\/wp-json\/wp\/v2\/pages\/66\/revisions"}],"predecessor-version":[{"id":983,"href":"https:\/\/centarmarjanovac.com\/index.php\/wp-json\/wp\/v2\/pages\/66\/revisions\/983"}],"wp:attachment":[{"href":"https:\/\/centarmarjanovac.com\/index.php\/wp-json\/wp\/v2\/media?parent=66"}],"curies":[{"name":"wp","href":"https:\/\/api.w.org\/{rel}","templated":true}]}}