{"id":65,"date":"2023-10-15T21:09:29","date_gmt":"2023-10-15T19:09:29","guid":{"rendered":"https:\/\/centarmarjanovac.com\/index.php\/read-me\/"},"modified":"2023-10-16T15:40:36","modified_gmt":"2023-10-16T13:40:36","slug":"read-me","status":"publish","type":"page","link":"https:\/\/centarmarjanovac.com\/index.php\/read-me\/","title":{"rendered":"Program Centra Marjanovac"},"content":{"rendered":"\n<h3 class=\"wp-block-heading\">Tko je ovisnik po programu Projekt \u010covjek i terapijskom modelu Centra Marjanovac?<\/h3>\n\n\n\n<p>Ovisnik je osoba jednaka kao i svi mi, osim \u0161to ima problem vi\u0161e a on se zove: OVISNOST.<\/p>\n\n\n\n<h3 class=\"wp-block-heading\">\u0160to nudi Centar Marjanovac ovisniku koji tra\u017ei od njega pomo\u0107?<\/h3>\n\n\n\n<p>U Terapijskoj zajednici se provodi program odvikavanja i rehabilitacije ovisnika kroz socijalno-formativni rad. Korisnici prolaze put od samog prihvata u Centar do postupnog usvajanja samopo\u0161tovanja, odgovornosti, te potpune autonomije i ponovnog uklju\u010divanja u obitelj i dru\u0161tvo.<\/p>\n\n\n\n<p>Program u Centru Marjanovcu nije vjerskog karaktera ali po\u0161tuje vjerska uvjerenja svojih korisnika daju\u0107i na taj na\u010din svoj doprinos&nbsp;razvijanju zajedni\u0161tva i tolerancije. Posebna pozornost se poklanja organiziranju slobodnog vremena korisnika.<\/p>\n\n\n\n<p>Zajednica je mje\u0161ovita, tj. namijenjena je jednako \u017eenskim i mu\u0161kim osobama koje imaju problemom ovisnosti.<\/p>\n\n\n\n<p>Sredstva koja su na raspolaganju u programu su:<\/p>\n\n\n\n<ul class=\"wp-block-list\">\n<li>Individualni razgovori<\/li>\n\n\n\n<li>Razli\u010diti oblici grupne dinamike<\/li>\n\n\n\n<li>Informativni i formativni seminari<\/li>\n\n\n\n<li>Sportske i kreativne aktivnosti<\/li>\n<\/ul>\n\n\n\n<p>Organizacija i prakti\u010dno funkcioniranje zajednice je ure\u0111eno na na\u010din gdje su sami korisnici aktivni u\u010desnici i protagonisti promjene vlastitog pona\u0161anja.<\/p>\n\n\n\n<p>Cilj svih sredstva koja program nudi jest stvarati povoljnu atmosferu i poticati:<\/p>\n\n\n\n<ul class=\"wp-block-list\">\n<li>Rad na me\u0111uljudskim odnosima<\/li>\n\n\n\n<li>Porast samo-vrednovanja<\/li>\n\n\n\n<li>Analizu emotivnosti<\/li>\n\n\n\n<li>Preispitivanje i redefiniranje obiteljskih odnosa<\/li>\n\n\n\n<li><span style=\"font-size: revert; font-weight: revert; text-align: var(--bs-body-text-align);\">Razvijanje organizacijskih sposobnosti kroz postupan razvoj i stjecanje radnih navika<\/span><\/li>\n<\/ul>\n\n\n\n<p><\/p>\n\n\n\n<p>KRAJNI CILJ je&nbsp;pomo\u0107i ovisnicima ponovno se&nbsp;uklju\u010diti&nbsp;u obiteljsko, dru\u0161tveno i radno okru\u017eenje.<\/p>\n\n\n\n<p>Centar Marjanovac u svom radu daje veliku va\u017enost suradnji i radu s obiteljima korisnika, kroz individualnu pratnju i&nbsp;podr\u0161ku te&nbsp;kroz grupe samopomo\u0107i gdje god je to mogu\u0107e organizirati. Osim toga Centar promi\u010de razne inicijative u svrhu senzibiliziranja&nbsp;javnosti za problem ovisnosti bez predrasuda. Sura\u0111ujemo i sa drugim institucijama u zemlji i inozemstvu koje imaju istu ili sli\u010dnu misiju.<\/p>\n","protected":false},"excerpt":{"rendered":"<p>Tko je ovisnik po programu Projekt \u010covjek i terapijskom modelu Centra Marjanovac? Ovisnik je osoba jednaka kao i svi mi, osim \u0161to ima problem vi\u0161e a on se zove: OVISNOST. \u0160to nudi Centar Marjanovac ovisniku koji tra\u017ei od njega pomo\u0107? U Terapijskoj zajednici se provodi program odvikavanja i rehabilitacije ovisnika kroz socijalno-formativni rad. Korisnici prolaze put od samog prihvata u Centar do postupnog usvajanja samopo\u0161tovanja, odgovornosti, te potpune autonomije i ponovnog uklju\u010divanja u obitelj i dru\u0161tvo. Program u Centru Marjanovcu nije vjerskog karaktera ali po\u0161tuje vjerska uvjerenja svojih korisnika daju\u0107i na taj na\u010din svoj doprinos&nbsp;razvijanju zajedni\u0161tva i tolerancije. Posebna pozornost se poklanja organiziranju slobodnog vremena korisnika. Zajednica je mje\u0161ovita, tj. namijenjena je jednako \u017eenskim i mu\u0161kim osobama koje imaju problemom ovisnosti. Sredstva koja su na raspolaganju u programu su: Organizacija i prakti\u010dno funkcioniranje zajednice je ure\u0111eno na na\u010din gdje su sami korisnici aktivni u\u010desnici i protagonisti promjene vlastitog pona\u0161anja. Cilj svih sredstva koja program nudi jest stvarati povoljnu atmosferu i poticati: KRAJNI CILJ je&nbsp;pomo\u0107i ovisnicima ponovno se&nbsp;uklju\u010diti&nbsp;u obiteljsko, dru\u0161tveno i radno okru\u017eenje. Centar Marjanovac u svom radu daje veliku va\u017enost suradnji i radu s obiteljima korisnika, kroz individualnu pratnju i&nbsp;podr\u0161ku te&nbsp;kroz grupe samopomo\u0107i gdje god je to mogu\u0107e organizirati. Osim toga Centar promi\u010de razne inicijative u svrhu senzibiliziranja&nbsp;javnosti za problem ovisnosti bez predrasuda. Sura\u0111ujemo i sa drugim institucijama u zemlji i inozemstvu koje imaju istu ili sli\u010dnu misiju.<\/p>\n","protected":false},"author":1,"featured_media":0,"parent":0,"menu_order":0,"comment_status":"closed","ping_status":"closed","template":"","meta":{"_regular_price":[],"currency_symbol":[],"two_page_speed":[],"footnotes":""},"class_list":["post-65","page","type-page","status-publish","hentry"],"featured_image_src":null,"post_slider_layout_featured_media_urls":{"thumbnail":"","post_slider_layout_landscape_large":"","post_slider_layout_portrait_large":"","post_slider_layout_square_large":"","post_slider_layout_landscape":"","post_slider_layout_portrait":"","post_slider_layout_square":"","full":""},"acf":[],"_links":{"self":[{"href":"https:\/\/centarmarjanovac.com\/index.php\/wp-json\/wp\/v2\/pages\/65","targetHints":{"allow":["GET"]}}],"collection":[{"href":"https:\/\/centarmarjanovac.com\/index.php\/wp-json\/wp\/v2\/pages"}],"about":[{"href":"https:\/\/centarmarjanovac.com\/index.php\/wp-json\/wp\/v2\/types\/page"}],"author":[{"embeddable":true,"href":"https:\/\/centarmarjanovac.com\/index.php\/wp-json\/wp\/v2\/users\/1"}],"replies":[{"embeddable":true,"href":"https:\/\/centarmarjanovac.com\/index.php\/wp-json\/wp\/v2\/comments?post=65"}],"version-history":[{"count":8,"href":"https:\/\/centarmarjanovac.com\/index.php\/wp-json\/wp\/v2\/pages\/65\/revisions"}],"predecessor-version":[{"id":568,"href":"https:\/\/centarmarjanovac.com\/index.php\/wp-json\/wp\/v2\/pages\/65\/revisions\/568"}],"wp:attachment":[{"href":"https:\/\/centarmarjanovac.com\/index.php\/wp-json\/wp\/v2\/media?parent=65"}],"curies":[{"name":"wp","href":"https:\/\/api.w.org\/{rel}","templated":true}]}}