{"id":125,"date":"2023-10-15T21:09:29","date_gmt":"2023-10-15T19:09:29","guid":{"rendered":"https:\/\/centarmarjanovac.com\/index.php\/terapijska-zajednica\/"},"modified":"2023-10-16T09:41:46","modified_gmt":"2023-10-16T07:41:46","slug":"terapijska-zajednica","status":"publish","type":"page","link":"https:\/\/centarmarjanovac.com\/index.php\/terapijska-zajednica\/","title":{"rendered":"Terapijska zajednica"},"content":{"rendered":"<div class=\"sqs-html-content\">\n<p>Terapijska zajednica je okru\u017eenje bez psihoaktivnih supstanci u kojem osobe sa problemom ovisnosti, \u017eive zajedno na organizirani i strukturiran na\u010din u cilju postizanja na\u010dina \u017eivota oslobo\u0111enog od bilo koje ovisnosti u vanjskom dru\u0161tvu. Ona predstavlja minijaturno dru\u0161tvo u kojem korisnici i osoblje kao facilitatori, imaju jasno odre\u0111ene uloge u skladu sa odre\u0111enim pravilima, a koje su dodijeljene i oblikovane da unaprijede proces tranzicije i promjena kod korisnika.<\/p>\n<p style=\"margin-left: 0px; margin-right: 0px; text-align: justify;\">Centar Marjanovac od 2003.\u00a0gradi svoj vlastiti identitet i temelji svoje djelovanje na filozofiji i metodologiji programa\u00a0Projekt \u010covjek Talijanskog Centra Solidarnosti iz Rima (CeIS).<\/p>\n<p><span style=\"font-size: 11pt;\">Program okvirno traje oko dvije godine, a \u00a0podijeljen je u \u010detiri faze:<\/span><\/p>\n<p><span style=\"font-size: 11pt;\">1. Prihvat u Centar<\/span><\/p>\n<p><span style=\"font-size: 11pt;\">2. Faza zajednice<\/span><\/p>\n<p><span style=\"font-size: 11pt;\">3. Rezidencijalna faza resocijalizacije<\/span><\/p>\n<p><span style=\"font-size: 11pt;\">4. Resocijalizacija ambulantnog karaktera<\/span><\/p>\n<p><em>Terapijska zajednica\u00a0 je u po\u010detku skloni\u0161te, zatim kroz kratko vrijeme ku\u0107a, i na kraju odsko\u010dna daska za novi po\u010detak.<\/em>\u00a0(Donald Ottenberg direktor evangeli\u010dke bolnice u Philadelphia)<\/p>\n<\/div>\n","protected":false},"excerpt":{"rendered":"<p>Terapijska zajednica je okru\u017eenje bez psihoaktivnih supstanci u kojem osobe sa problemom ovisnosti, \u017eive zajedno na organizirani i strukturiran na\u010din u cilju postizanja na\u010dina \u017eivota oslobo\u0111enog od bilo koje ovisnosti u vanjskom dru\u0161tvu. Ona predstavlja minijaturno dru\u0161tvo u kojem korisnici i osoblje kao facilitatori, imaju jasno odre\u0111ene uloge u skladu sa odre\u0111enim pravilima, a koje su dodijeljene i oblikovane da unaprijede proces tranzicije i promjena kod korisnika. Centar Marjanovac od 2003.\u00a0gradi svoj vlastiti identitet i temelji svoje djelovanje na filozofiji i metodologiji programa\u00a0Projekt \u010covjek Talijanskog Centra Solidarnosti iz Rima (CeIS). Program okvirno traje oko dvije godine, a \u00a0podijeljen je u \u010detiri faze: 1. Prihvat u Centar 2. Faza zajednice 3. Rezidencijalna faza resocijalizacije 4. Resocijalizacija ambulantnog karaktera Terapijska zajednica\u00a0 je u po\u010detku skloni\u0161te, zatim kroz kratko vrijeme ku\u0107a, i na kraju odsko\u010dna daska za novi po\u010detak.\u00a0(Donald Ottenberg direktor evangeli\u010dke bolnice u Philadelphia)<\/p>\n","protected":false},"author":1,"featured_media":0,"parent":0,"menu_order":0,"comment_status":"closed","ping_status":"closed","template":"","meta":{"_regular_price":[],"currency_symbol":[],"two_page_speed":[],"footnotes":""},"class_list":["post-125","page","type-page","status-publish","hentry"],"featured_image_src":null,"post_slider_layout_featured_media_urls":{"thumbnail":"","post_slider_layout_landscape_large":"","post_slider_layout_portrait_large":"","post_slider_layout_square_large":"","post_slider_layout_landscape":"","post_slider_layout_portrait":"","post_slider_layout_square":"","full":""},"acf":[],"_links":{"self":[{"href":"https:\/\/centarmarjanovac.com\/index.php\/wp-json\/wp\/v2\/pages\/125","targetHints":{"allow":["GET"]}}],"collection":[{"href":"https:\/\/centarmarjanovac.com\/index.php\/wp-json\/wp\/v2\/pages"}],"about":[{"href":"https:\/\/centarmarjanovac.com\/index.php\/wp-json\/wp\/v2\/types\/page"}],"author":[{"embeddable":true,"href":"https:\/\/centarmarjanovac.com\/index.php\/wp-json\/wp\/v2\/users\/1"}],"replies":[{"embeddable":true,"href":"https:\/\/centarmarjanovac.com\/index.php\/wp-json\/wp\/v2\/comments?post=125"}],"version-history":[{"count":1,"href":"https:\/\/centarmarjanovac.com\/index.php\/wp-json\/wp\/v2\/pages\/125\/revisions"}],"predecessor-version":[{"id":411,"href":"https:\/\/centarmarjanovac.com\/index.php\/wp-json\/wp\/v2\/pages\/125\/revisions\/411"}],"wp:attachment":[{"href":"https:\/\/centarmarjanovac.com\/index.php\/wp-json\/wp\/v2\/media?parent=125"}],"curies":[{"name":"wp","href":"https:\/\/api.w.org\/{rel}","templated":true}]}}